{"id":102,"date":"2022-05-06T23:10:47","date_gmt":"2022-05-06T23:10:47","guid":{"rendered":"http:\/\/rehintegrarips.com\/?page_id=102"},"modified":"2022-05-06T23:10:48","modified_gmt":"2022-05-06T23:10:48","slug":"valores","status":"publish","type":"page","link":"https:\/\/rehintegrarips.com\/index.php\/valores\/","title":{"rendered":"Valores"},"content":{"rendered":"\n<p><\/p>\n\n\n\n<p>Creemos en los valores que forjan una mejor sociedad, nos involucramos con ellos y los llevamos como parte de nuestra identidad de prestaci\u00f3n de servicios. <\/p>\n\n\n\n<p><strong>HONESTIDAD: <\/strong>La\u00a0<strong>honestidad<\/strong>\u00a0es\u00a0<strong>el<\/strong>\u00a0valor\u00a0<strong>que<\/strong>\u00a0nos permite vivir una vida congruente, es decir,\u00a0<strong>que<\/strong>\u00a0lo\u00a0<strong>que<\/strong>\u00a0pensamos, sentimos y hacemos est\u00e1 en sincron\u00eda. Una persona\u00a0<strong>honesta<\/strong>\u00a0sabe diferenciar entre lo\u00a0<strong>que<\/strong>\u00a0est\u00e1 bien y mal y act\u00faa con base en valores inclinados al bien.<br><br><strong>LEALTAD:<\/strong> Sentimiento de respeto y fidelidad a los propios principios morales, a los compromisos establecidos o hacia alguien.<br><br>\u00a0ETICA: La asumimos como el conjunto de costumbres y normas que dirigen o valoran el comportamiento humano en una comunidad. <\/p>\n\n\n\n<p><strong>SENTIDO HUMANO: <\/strong>Entiende que est\u00e1 tratando con seres\u00a0<strong>humanos<\/strong>\u00a0con emociones, que piensan, y tienen necesidad de transcender, adem\u00e1s, reconoce sus requerimientos f\u00edsicos como la salud, entre otros. De ah\u00ed que un l\u00edder con\u00a0<strong>sentido humano<\/strong>\u00a0no atiende \u00fanicamente a lo que usted genera, sino que le atiende de manera integral. <\/p>\n","protected":false},"excerpt":{"rendered":"<p>Creemos en los valores que forjan una mejor sociedad, nos involucramos con ellos y los llevamos como parte de nuestra identidad de prestaci\u00f3n de servicios. HONESTIDAD: La\u00a0honestidad\u00a0es\u00a0el\u00a0valor\u00a0que\u00a0nos permite vivir una vida congruente, es decir,\u00a0que\u00a0lo\u00a0que\u00a0pensamos, sentimos y hacemos est\u00e1 en sincron\u00eda. Una persona\u00a0honesta\u00a0sabe diferenciar entre lo\u00a0que\u00a0est\u00e1 bien y mal y act\u00faa con base en valores inclinados [&hellip;]<\/p>\n","protected":false},"author":1,"featured_media":0,"parent":0,"menu_order":0,"comment_status":"closed","ping_status":"closed","template":"","meta":{"_et_pb_use_builder":"off","_et_pb_old_content":"","_et_gb_content_width":"","om_disable_all_campaigns":false,"_monsterinsights_skip_tracking":false,"_monsterinsights_sitenote_active":false,"_monsterinsights_sitenote_note":"","_monsterinsights_sitenote_category":0,"footnotes":""},"class_list":["post-102","page","type-page","status-publish","hentry"],"aioseo_notices":[],"_links":{"self":[{"href":"https:\/\/rehintegrarips.com\/index.php\/wp-json\/wp\/v2\/pages\/102","targetHints":{"allow":["GET"]}}],"collection":[{"href":"https:\/\/rehintegrarips.com\/index.php\/wp-json\/wp\/v2\/pages"}],"about":[{"href":"https:\/\/rehintegrarips.com\/index.php\/wp-json\/wp\/v2\/types\/page"}],"author":[{"embeddable":true,"href":"https:\/\/rehintegrarips.com\/index.php\/wp-json\/wp\/v2\/users\/1"}],"replies":[{"embeddable":true,"href":"https:\/\/rehintegrarips.com\/index.php\/wp-json\/wp\/v2\/comments?post=102"}],"version-history":[{"count":1,"href":"https:\/\/rehintegrarips.com\/index.php\/wp-json\/wp\/v2\/pages\/102\/revisions"}],"predecessor-version":[{"id":103,"href":"https:\/\/rehintegrarips.com\/index.php\/wp-json\/wp\/v2\/pages\/102\/revisions\/103"}],"wp:attachment":[{"href":"https:\/\/rehintegrarips.com\/index.php\/wp-json\/wp\/v2\/media?parent=102"}],"curies":[{"name":"wp","href":"https:\/\/api.w.org\/{rel}","templated":true}]}}