{"id":97,"date":"2022-05-06T23:05:36","date_gmt":"2022-05-06T23:05:36","guid":{"rendered":"http:\/\/rehintegrarips.com\/?page_id=97"},"modified":"2022-05-07T00:18:12","modified_gmt":"2022-05-07T00:18:12","slug":"mision","status":"publish","type":"page","link":"https:\/\/rehintegrarips.com\/index.php\/mision\/","title":{"rendered":"Misi\u00f3n"},"content":{"rendered":"\n<p class=\"has-medium-font-size\"><strong><em>Rehintegrar Ltda<\/em><\/strong> Tiene como misi\u00f3n, prestar atenci\u00f3n integral institucional y domiciliaria al individuo contribuyendo al mejoramiento f\u00edsico, mental, cognitivo y su integraci\u00f3n a las actividades b\u00e1sicas cotidianas; velando por una recuperaci\u00f3n apropiada, oportuna y exitosa, con el fin de mantener el equilibrio de la persona como ser humano de una sociedad.<\/p>\n","protected":false},"excerpt":{"rendered":"<p>Rehintegrar Ltda Tiene como misi\u00f3n, prestar atenci\u00f3n integral institucional y domiciliaria al individuo contribuyendo al mejoramiento f\u00edsico, mental, cognitivo y su integraci\u00f3n a las actividades b\u00e1sicas cotidianas; velando por una recuperaci\u00f3n apropiada, oportuna y exitosa, con el fin de mantener el equilibrio de la persona como ser humano de una sociedad.<\/p>\n","protected":false},"author":1,"featured_media":146,"parent":0,"menu_order":0,"comment_status":"closed","ping_status":"closed","template":"","meta":{"_et_pb_use_builder":"off","_et_pb_old_content":"","_et_gb_content_width":"","om_disable_all_campaigns":false,"_monsterinsights_skip_tracking":false,"_monsterinsights_sitenote_active":false,"_monsterinsights_sitenote_note":"","_monsterinsights_sitenote_category":0,"footnotes":""},"class_list":["post-97","page","type-page","status-publish","has-post-thumbnail","hentry"],"aioseo_notices":[],"_links":{"self":[{"href":"https:\/\/rehintegrarips.com\/index.php\/wp-json\/wp\/v2\/pages\/97","targetHints":{"allow":["GET"]}}],"collection":[{"href":"https:\/\/rehintegrarips.com\/index.php\/wp-json\/wp\/v2\/pages"}],"about":[{"href":"https:\/\/rehintegrarips.com\/index.php\/wp-json\/wp\/v2\/types\/page"}],"author":[{"embeddable":true,"href":"https:\/\/rehintegrarips.com\/index.php\/wp-json\/wp\/v2\/users\/1"}],"replies":[{"embeddable":true,"href":"https:\/\/rehintegrarips.com\/index.php\/wp-json\/wp\/v2\/comments?post=97"}],"version-history":[{"count":3,"href":"https:\/\/rehintegrarips.com\/index.php\/wp-json\/wp\/v2\/pages\/97\/revisions"}],"predecessor-version":[{"id":148,"href":"https:\/\/rehintegrarips.com\/index.php\/wp-json\/wp\/v2\/pages\/97\/revisions\/148"}],"wp:featuredmedia":[{"embeddable":true,"href":"https:\/\/rehintegrarips.com\/index.php\/wp-json\/wp\/v2\/media\/146"}],"wp:attachment":[{"href":"https:\/\/rehintegrarips.com\/index.php\/wp-json\/wp\/v2\/media?parent=97"}],"curies":[{"name":"wp","href":"https:\/\/api.w.org\/{rel}","templated":true}]}}